{"id":14,"date":"2013-07-01T22:05:21","date_gmt":"2013-07-02T01:05:21","guid":{"rendered":"http:\/\/evamastrogiulio.com.ar\/sitio\/?page_id=14"},"modified":"2024-02-12T20:26:30","modified_gmt":"2024-02-12T23:26:30","slug":"about","status":"publish","type":"page","link":"https:\/\/evamastrogiulio.com.ar\/sitio\/about\/","title":{"rendered":"About"},"content":{"rendered":"<div id=\"yui_3_7_2_1_1372905889264_84850\">\n<div id=\"yui_3_7_2_1_1372905889264_84853\">\n<div>Nac\u00ed en 1980 en Buenos Aires, Argentina, donde actualmente vivo y trabajo. Soy dise\u00f1adora gr\u00e1fica, graduada por la Universidad de Buenos Aires, y all\u00ed tambi\u00e9n fui docente durante siete a\u00f1os.<\/div>\n<div>En 2003 descubr\u00ed el mundo de la ilustraci\u00f3n y supe que ah\u00ed quer\u00eda quedarme.<\/p>\n<div>Como dise\u00f1adora gr\u00e1fica trabaj\u00e9 y todav\u00eda trabajo para varias marcas y la ilustraci\u00f3n es siempre parte de mi trabajo.<\/div>\n<\/div>\n<div>Publiqu\u00e9 mis trabajos en varias revistas y libros de\u00a0texto y de literatura. Tambi\u00e9n expuse algunas obras en varias muestras colectivas y en galer\u00edas de\u00a0Buenos Aires.<\/div>\n<div>Suelo trabajar en varios proyectos a la vez, voy saltando de uno en otro. Actualmente trabajo en mis libros como autora integral, escribiendo e ilustrando.<\/div>\n<div>\n<p>Algunas entrevistas on-line<br \/>\n<strong><strong><strong>Tinkuy, encuentro con libros. Radio Dime, AM 1420. Mayo 2018<\/strong><\/strong><\/strong><\/p>\n<\/div>\n<div><iframe loading=\"lazy\" id=\"audio_26134249\" style=\"border: 1px solid #EEE; box-sizing: border-box; width: 100%;\" src=\"https:\/\/ar.ivoox.com\/es\/player_ej_26134249_4_1.html?c1=ff6600\" width=\"320\" height=\"200\" frameborder=\"0\" scrolling=\"no\" allowfullscreen=\"allowfullscreen\"><\/iframe><strong>Libroteca<\/strong>, Canal de la ciudad. Septiembre 2017.<\/p>\n<\/div>\n<div><iframe loading=\"lazy\" src=\"https:\/\/www.youtube.com\/embed\/I5ddMgruMH0?start=2254\" width=\"560\" height=\"315\" frameborder=\"0\" allowfullscreen=\"allowfullscreen\"><\/iframe><\/div>\n<div><\/div>\n<div><em><strong>Libros editados<\/strong><\/em><\/div>\n<div>\n<p>-Vidas piratas, Editorial Sigmar<br \/>\n-Una ballena de patas cortas, Ediciones Del eclipse, 2009 \/ Nazhira 2019.<br \/>\n-Cuentos de Anderse, sigmar, 2010<br \/>\n-Lupita Verde, Lupa verde, 2015. Nazhira 2018.<br \/>\n-Tristeza, fanzine autoedici\u00f3n<br \/>\n-Mucha Basura, Nazhira.<br \/>\n-Abrazados, Nazhira.<br \/>\n-Se\u00f1ales, Nazhira.<br \/>\n-Mariposa Tecknicolor, La Marca editora, 2017.<br \/>\n-Mudanza, Calibroscopio, 2018.<br \/>\n-El Plan, Calibroscopio, 2019.<br \/>\n-Apagar la luz, Magicas Naranjas, 2020. (Proyecto ganador del Fondo Nacional de las Arttes 2019).<br \/>\n-Raf y su puerta. Pupek, 2021.<br \/>\n-El cumplea\u00f1os de perrot, Nazhira, 2021.<br \/>\n-Coloreandocuentos, Abrazandocuentos 2021.<br \/>\n-Te Regalo, Gerbera ediciones, 2021.<br \/>\n-Madrehija, M\u00e1gicas Naranjas 2023.<br \/>\n-Carozo de Durazno, Gerbera ediciones, 2023.<\/p>\n<p><em><strong>Premios y concursos<\/strong><\/em><\/p>\n<p>-2024- Finalista de la exposici\u00f3n de ilustradores de la Bologna Children&#8217;s Book Fair.<br \/>\n-2021- Seleccionada para formar parte del catalogo de Bratislava 2021.<br \/>\n-2021- Seleccionada para formar parte del catalogo de Sharjah Exhibition for Chidren illustration.<br \/>\n-2020- Premio proyecto editorial por Apagar la luz del Fondo Nacional de las Artes.<br \/>\n-2019- Finalista del Golden Pinwheel Shangai.<br \/>\n-2013- Ganadora del concurso de Afiche de la Feria del libro infantil Argentina.<br \/>\n-2010- Seleccionada para el Cat\u00e1logo de ilustraci\u00f3n Bratislava.<br \/>\n-2008- Cuando las vacas vuelan, (\u00abWhen cows fly&#8230;\u00bb)\u00a0Panorama nacional actual de ilustradores de la Argentina (Bologna, Italia).<\/p>\n<\/div>\n<div>\n<div>\n<p><em><strong>Ilustraci\u00f3n diarios y revistas<\/strong><\/em><\/p>\n<p>Colaboradora del diario y la Revista La Naci\u00f3n (2007-2017).<\/p>\n<p>Formo parte del varios libros de ilustraci\u00f3n:<br \/>\n-2015- Latidos visuales. Selecci\u00f3n con los mejores trabajos publicados en 2015, editado por la Universidad de Palermo.<br \/>\n-2009, ilusive3.\u00a0<a href=\"http:\/\/shop.gestalten.com\/books\/graphic-design.html\">Graphic Design<\/a>\u00a0&amp;\u00a0<a href=\"http:\/\/shop.gestalten.com\/books\/illustration.html\">Illustration<\/a>.\u00a0<i>Contemporary Illustration and its Context. Alemania.<br \/>\n<\/i>-2007, ilusive .\u00a0\u00a0<a href=\"http:\/\/shop.gestalten.com\/books\/graphic-design.html\">Graphic Design<\/a>\u00a0&amp;\u00a0<a href=\"http:\/\/shop.gestalten.com\/books\/illustration.html\">Illustration<\/a>.\u00a0<i>Contemporary Illustration and its Context. Alemania.<\/i><\/p>\n<\/div>\n<\/div>\n<\/div>\n<\/div>\n<div><span style=\"font-family: sans-serif; font-size: 12px; white-space: pre-wrap; background-color: #ffffff;\">\u00a0<\/span><\/div>\n","protected":false},"excerpt":{"rendered":"<p>Nac\u00ed en 1980 en Buenos Aires, Argentina, donde actualmente vivo y trabajo. Soy dise\u00f1adora gr\u00e1fica, graduada por la Universidad de Buenos Aires, y all\u00ed tambi\u00e9n fui docente durante siete a\u00f1os. En 2003 descubr\u00ed el mundo de la ilustraci\u00f3n y supe que ah\u00ed quer\u00eda quedarme. Como dise\u00f1adora gr\u00e1fica trabaj\u00e9 y todav\u00eda trabajo para varias marcas y la ilustraci\u00f3n es siempre parte de mi trabajo. Publiqu\u00e9 mis trabajos en varias revistas y<\/p>\n<div class=\"read-more\"><a class=\"btn read-more-btn\" href=\"https:\/\/evamastrogiulio.com.ar\/sitio\/about\/\">Lee mas<\/a><\/div>\n","protected":false},"author":1,"featured_media":0,"parent":0,"menu_order":0,"comment_status":"closed","ping_status":"closed","template":"","meta":{"footnotes":""},"_links":{"self":[{"href":"https:\/\/evamastrogiulio.com.ar\/sitio\/wp-json\/wp\/v2\/pages\/14"}],"collection":[{"href":"https:\/\/evamastrogiulio.com.ar\/sitio\/wp-json\/wp\/v2\/pages"}],"about":[{"href":"https:\/\/evamastrogiulio.com.ar\/sitio\/wp-json\/wp\/v2\/types\/page"}],"author":[{"embeddable":true,"href":"https:\/\/evamastrogiulio.com.ar\/sitio\/wp-json\/wp\/v2\/users\/1"}],"replies":[{"embeddable":true,"href":"https:\/\/evamastrogiulio.com.ar\/sitio\/wp-json\/wp\/v2\/comments?post=14"}],"version-history":[{"count":38,"href":"https:\/\/evamastrogiulio.com.ar\/sitio\/wp-json\/wp\/v2\/pages\/14\/revisions"}],"predecessor-version":[{"id":1682,"href":"https:\/\/evamastrogiulio.com.ar\/sitio\/wp-json\/wp\/v2\/pages\/14\/revisions\/1682"}],"wp:attachment":[{"href":"https:\/\/evamastrogiulio.com.ar\/sitio\/wp-json\/wp\/v2\/media?parent=14"}],"curies":[{"name":"wp","href":"https:\/\/api.w.org\/{rel}","templated":true}]}}